{"id":6185,"date":"2025-02-12T15:08:27","date_gmt":"2025-02-12T14:08:27","guid":{"rendered":"https:\/\/lab-tac.com\/V2\/?post_type=product&#038;p=6185"},"modified":"2026-01-21T10:44:58","modified_gmt":"2026-01-21T09:44:58","slug":"stage-dentrainement-tactical-games-3-jours-en-mai-2025","status":"publish","type":"product","link":"https:\/\/lab-tac.com\/V2\/produit\/stage-dentrainement-tactical-games-3-jours-en-mai-2025\/","title":{"rendered":"Stage d\u2019Entra\u00eenement Fitness et Tirs \u2013 2026 des Jeux Tactique"},"content":{"rendered":"<div><\/div>\n<div>\n<div style=\"width: 480px;\" class=\"wp-video\"><video class=\"wp-video-shortcode\" id=\"video-6185-1\" width=\"480\" height=\"848\" preload=\"metadata\" controls=\"controls\"><source type=\"video\/mp4\" src=\"https:\/\/lab-tac.com\/V2\/wp-content\/uploads\/2025\/02\/8cf2b49d-cb9f-477a-a701-9726f2a2dfd0.mp4?_=1\" \/><a href=\"https:\/\/lab-tac.com\/V2\/wp-content\/uploads\/2025\/02\/8cf2b49d-cb9f-477a-a701-9726f2a2dfd0.mp4\">https:\/\/lab-tac.com\/V2\/wp-content\/uploads\/2025\/02\/8cf2b49d-cb9f-477a-a701-9726f2a2dfd0.mp4<\/a><\/video><\/div>\n<\/div>\n<div><\/div>\n<div>\u2022Niko (Lab-Tac) : sp\u00e9cialiste de l\u2019initiation et du perfectionnement au tir.<\/div>\n<div>Il vous guidera pour atteindre le niveau de s\u00e9curit\u00e9 et de ma\u00eetrise exig\u00e9 sur les \u00e9preuves des Tactical Games.<\/div>\n<div><\/div>\n<div>\ud83d\udca5 Je vous ferait b\u00e9n\u00e9ficier de mon exp\u00e9rience acquise lors de ma participation aux derniers Tactical Games, qui se sont tenus en Pologne.<\/div>\n<p>Lieu : Romans sur Is\u00e8re<\/p>\n<p>\ud83d\udd25 Objectif : <strong>Pr\u00e9pare-toi<\/strong><strong> !\u00a0<\/strong><br \/>\nEn vue des \u00e9preuves \u201c Regional \u201d des The Tactical Games en Pologne , Italie, Jordanie pour la saison en 2026<\/p>\n<p><strong>Ne tardez pas \u00e0 vous inscrire seulement 6 pax\u00a0<\/strong><\/p>\n<p><strong>Une Exp\u00e9rience Unique !<\/strong><\/p>\n<p>Rejoins-nous pour un stage intensif alliant tir et pr\u00e9paration physique, con\u00e7u pour les passionn\u00e9s de challenge et de tactique. Encadr\u00e9 par des coachs exp\u00e9riment\u00e9s, tu vivras une immersion totale dans l\u2019univers du tir mixer aux \u00e9preuves physiques.<\/p>\n<p><strong>Ce que le stage comprend :<\/strong><br \/>\n\u2705 \u00a01 jours d&rsquo;entra\u00eenements coach\u00e9s par jour avec des sc\u00e9narios r\u00e9alistes des \u00e9preuves que tu retrouveras lors des jeux tactiques \u00a0.<\/p>\n<p>Deux formules au choix :<br \/>\n\ud83d\udd39 Avec ton propre \u00e9quipement : 400\u20ac<br \/>\n\ud83d\udd39 Location armes, \u00e9quipements et munitions : 550 \u20ac<\/p>\n<p>R\u00e9servation &amp; Inscriptions<br \/>\n\ud83d\udcf2 Site web : lab-tac.com<br \/>\n\ud83d\udcde Contact : 06 86 76 93 06<\/p>\n<p>\ud83d\ude80 <strong>Places limit\u00e9es \u00e0 6 max<\/strong> \u2013 Ne manque pas cette occasion unique de te pr\u00e9parer en conditions r\u00e9elles !<\/p>\n<p>&nbsp;<\/p>\n","protected":false},"excerpt":{"rendered":"<p>\ud83d\udccdLieu : Romans sur Is\u00e8re<br \/>\n\ud83d\udcc5 Dates 2026 \u00a0: le vendredi 20 Mars 2026<br \/>\n\ud83d\udd25 Objectif : <strong>Pr\u00e9pare-toi<\/strong> <strong>\u00a0! une premi\u00e8re en Europe !<\/strong><br \/>\nEn vue de l&rsquo;\u00e9preuve \u201c Regional \u201d des The Tactical Games en Pologne , Italie, Jordanie pour la saison en 2026<\/p>\n<p>\ud83d\ude80 <strong>Places limit\u00e9es \u00e0 6 max \u2013 Ne manque pas cette occasion unique de te pr\u00e9parer aux Tactical Games en conditions r\u00e9elles !<\/strong><\/p>\n<p>&nbsp;<\/p>\n","protected":false},"featured_media":6298,"template":"","meta":[],"product_brand":[],"product_cat":[213,211,316],"product_tag":[],"class_list":{"0":"post-6185","1":"product","2":"type-product","3":"status-publish","4":"has-post-thumbnail","6":"product_cat-cross-tac-stage-prepa-physique-coaching","7":"product_cat-stages-avec-armes-a-letranger","8":"product_cat-stages-avec-armes-en-france","10":"first","11":"instock","12":"featured","13":"shipping-taxable","14":"purchasable","15":"product-type-variable"},"jetpack_sharing_enabled":true,"_links":{"self":[{"href":"https:\/\/lab-tac.com\/V2\/wp-json\/wp\/v2\/product\/6185","targetHints":{"allow":["GET"]}}],"collection":[{"href":"https:\/\/lab-tac.com\/V2\/wp-json\/wp\/v2\/product"}],"about":[{"href":"https:\/\/lab-tac.com\/V2\/wp-json\/wp\/v2\/types\/product"}],"wp:featuredmedia":[{"embeddable":true,"href":"https:\/\/lab-tac.com\/V2\/wp-json\/wp\/v2\/media\/6298"}],"wp:attachment":[{"href":"https:\/\/lab-tac.com\/V2\/wp-json\/wp\/v2\/media?parent=6185"}],"wp:term":[{"taxonomy":"product_brand","embeddable":true,"href":"https:\/\/lab-tac.com\/V2\/wp-json\/wp\/v2\/product_brand?post=6185"},{"taxonomy":"product_cat","embeddable":true,"href":"https:\/\/lab-tac.com\/V2\/wp-json\/wp\/v2\/product_cat?post=6185"},{"taxonomy":"product_tag","embeddable":true,"href":"https:\/\/lab-tac.com\/V2\/wp-json\/wp\/v2\/product_tag?post=6185"}],"curies":[{"name":"wp","href":"https:\/\/api.w.org\/{rel}","templated":true}]}}