{"id":5821,"date":"2022-10-24T18:13:37","date_gmt":"2022-10-24T16:13:37","guid":{"rendered":"https:\/\/lab-tac.com\/V2\/?post_type=product&#038;p=5821"},"modified":"2026-03-28T12:11:42","modified_gmt":"2026-03-28T11:11:42","slug":"dynamic-training-arme-de-poing-fusil-dassaut-en-france-niv-1-stage-prive","status":"publish","type":"product","link":"https:\/\/lab-tac.com\/V2\/produit\/dynamic-training-arme-de-poing-fusil-dassaut-en-france-niv-1-stage-prive\/","title":{"rendered":"Dynamic Training, Arme de poing, Fusil d&rsquo;assaut en FRANCE &#8211;  Niv 1 les 7 et 8 mai"},"content":{"rendered":"<p><em>Nos stages sont dirig\u00e9s par\u00a0<strong>des instructeurs fran\u00e7ais qualifi\u00e9s<\/strong>\u00a0qui sont pass\u00e9s dans des unit\u00e9s op\u00e9rationnelles et b\u00e9n\u00e9ficient des derni\u00e8res techniques issues des diff\u00e9rentes RETEX (retour exp\u00e9rience)\u00a0<\/em><\/p>\n<p><strong>Pr\u00e9-requis :<\/strong><\/p>\n<p><strong>Pour le niveau 1<\/strong>: Pas de pr\u00e9-requis<\/p>\n<p><strong>Certification \u00e0 l&rsquo;issue de la formation :<\/strong>\u00a0Attestation LAB-TAC \u00a0Tir de combat- arme de poing &amp; fusil d&rsquo;assaut\u00a0\u00a0<em>\u00ab\u00a0Certification formation de base et avanc\u00e9e\u00a0\u00bb<\/em><\/p>\n<p><strong>Contenu de la formation niveau 1 pour les\u00a0d\u00e9butants :<\/strong><\/p>\n<ul>\n<li>M\u00e9thode de Tir LAB-TAC \u00a0(pistolet et fusil d&rsquo;assaut)<\/li>\n<li>Pr\u00e9paration mentale<\/li>\n<li>Respect des r\u00e8gles de base du tir<\/li>\n<li>Connaissance de l&rsquo;arme: montage et d\u00e9montage sommaire pour l&rsquo;entretien<\/li>\n<li>Ma\u00eetrise de l&rsquo;arme<\/li>\n<li>Les 5 attitudes<\/li>\n<li>R\u00e9gler les incidents de tir<\/li>\n<li>Rechargement tactique\/Rechargement d&rsquo;urgence<\/li>\n<li>Tir de transition arme de poing fusil d&rsquo;assaut<\/li>\n<\/ul>\n<p><span style=\"color: #ff0000;\"><strong><em>3 stagiaires mini \u00e0 7 personnes max. 1 moniteur et 1 assistant.\u00a0<\/em><\/strong><\/span><\/p>\n<p><!--:--><\/p>\n","protected":false},"excerpt":{"rendered":"[contact-form][contact-field label=\"Nom\" type=\"name\"  required=\"true\" \/][contact-field label=\"E-mail\" type=\"email\" required=\"true\" \/][contact-field label=\"Site web\" type=\"url\" \/][contact-field label=\"Message\" type=\"textarea\" \/][\/contact-form]\n<p>Training Dynamic combat, arme de poing, Fusil d&rsquo;assaut en France niveau 1 &amp; 2 est une formation tr\u00e8s dense sur 2\u00a0 jours pour chaque niveau, qui apportera aux professionnels et aux civils, les techniques de base et avanc\u00e9es de l&rsquo;utilisation d&rsquo;une arme de \u00a0poing et du fusil d&rsquo;assaut.<\/p>\n<p><strong>Le stage se d\u00e9roule en int\u00e9rieur.<\/strong><\/p>\n<p>Pour des groupes de 6 personnes minimum et 8 maximum, vous pouvez nous soumettre une date \u00e0 votre convenance<\/p>\n<h4>Dynamic Training, arme de poing, Fusil, en France\u00a0 &#8211; niveau 1 et 2<\/h4>\n<p>Public : Civils ayant une connaissance des armes, FDO, Militaires<\/p>\n<p><span style=\"color: #0000ff;\"><strong>PLUS DE RENSEIGNEMENTS DANS LES ONGLETS CI DESSOUS<\/strong><\/span><\/p>\n<p>&nbsp;<\/p>\n<p>&nbsp;<\/p>\n<p><!--:--><\/p>\n","protected":false},"featured_media":5827,"template":"","meta":[],"product_brand":[],"product_cat":[316],"product_tag":[],"class_list":{"0":"post-5821","1":"product","2":"type-product","3":"status-publish","4":"has-post-thumbnail","6":"product_cat-stages-avec-armes-en-france","8":"first","9":"instock","10":"downloadable","11":"virtual","12":"purchasable","13":"product-type-simple"},"jetpack_sharing_enabled":true,"_links":{"self":[{"href":"https:\/\/lab-tac.com\/V2\/wp-json\/wp\/v2\/product\/5821","targetHints":{"allow":["GET"]}}],"collection":[{"href":"https:\/\/lab-tac.com\/V2\/wp-json\/wp\/v2\/product"}],"about":[{"href":"https:\/\/lab-tac.com\/V2\/wp-json\/wp\/v2\/types\/product"}],"wp:featuredmedia":[{"embeddable":true,"href":"https:\/\/lab-tac.com\/V2\/wp-json\/wp\/v2\/media\/5827"}],"wp:attachment":[{"href":"https:\/\/lab-tac.com\/V2\/wp-json\/wp\/v2\/media?parent=5821"}],"wp:term":[{"taxonomy":"product_brand","embeddable":true,"href":"https:\/\/lab-tac.com\/V2\/wp-json\/wp\/v2\/product_brand?post=5821"},{"taxonomy":"product_cat","embeddable":true,"href":"https:\/\/lab-tac.com\/V2\/wp-json\/wp\/v2\/product_cat?post=5821"},{"taxonomy":"product_tag","embeddable":true,"href":"https:\/\/lab-tac.com\/V2\/wp-json\/wp\/v2\/product_tag?post=5821"}],"curies":[{"name":"wp","href":"https:\/\/api.w.org\/{rel}","templated":true}]}}