{"id":5618,"date":"2020-05-10T09:26:11","date_gmt":"2020-05-10T07:26:11","guid":{"rendered":"https:\/\/lab-tac.com\/V2\/?post_type=product&#038;p=5618"},"modified":"2022-07-12T19:15:53","modified_gmt":"2022-07-12T17:15:53","slug":"cqb","status":"publish","type":"product","link":"https:\/\/lab-tac.com\/V2\/produit\/cqb\/","title":{"rendered":"CQB &#8211; CMC (Combat milieu Clos) en France Niv 1 &#8211; 2 Jours"},"content":{"rendered":"<p><em>Nos stages sont dirig\u00e9s par\u00a0<strong>des instructeurs fran\u00e7ais qualifi\u00e9s<\/strong>\u00a0qui sont pass\u00e9s dans des unit\u00e9s op\u00e9rationnelles et b\u00e9n\u00e9ficient des derni\u00e8res techniques issues des diff\u00e9rentes RETEX (retour exp\u00e9rience)\u00a0<strong>\u00a0<\/strong><\/em><\/p>\n<p>&nbsp;<\/p>\n<p><strong>CQB &#8211; CMC (Combat milieu Clos) en France Niv 1 &#8211; 2 Jours<\/strong><\/p>\n<p>Mat\u00e9riel P\u00e9dagogique Utilis\u00e9 : R\u00e9pliques d&rsquo;armes de type Airsoft, ciblerie r\u00e9active.<\/p>\n<p><strong>Pr\u00e9-requis :<\/strong> Aucun<\/p>\n<ul>\n<li><strong>Certification de training CQB :<\/strong> Attestation de training LAB-TAC\u00a0 CQB Niveau 1<\/li>\n<\/ul>\n<h3>Contenu de la formation\u00a0:<\/h3>\n<ul>\n<li>Respect r\u00e8gles SECU<\/li>\n<li>Connaissance de l&rsquo;arme<\/li>\n<li>Ma\u00eetrise de l&rsquo;arme, Double dotation<\/li>\n<li>Transition d&rsquo;arme<\/li>\n<li>Pr\u00e9sentation \u00e9quipements<\/li>\n<li>Gestion: bin\u00f4me,trin\u00f4me,\u00e9quipe<\/li>\n<li>Technique d investigations : geste de base, gestion porte, gestion pi\u00e8ce.<\/li>\n<li>M\u00e9dicalisation<\/li>\n<li>Synth\u00e8se<\/li>\n<li>Mise en situation<\/li>\n<\/ul>\n<p>&nbsp;<\/p>\n","protected":false},"excerpt":{"rendered":"<p>CMC, Combat en Milieux Clos. &#8230;<br \/>\nTermes Fran\u00e7ais qui d\u00e9finie une action de combat sp\u00e9cifique en milieu urbain.<br \/>\nUtilis\u00e9 exclusivement et officiellement par les F.S ( en France) ,ainsi que les unit\u00e9s sp\u00e9ciales d&rsquo;extraction ou de reconnaissance.<\/p>\n<p>Le combat en milieu clos est utilis\u00e9 \u00e9galement pour s\u2019 emparer d\u2019 une habitation. Dans ce cas, l\u2019armement de chacun pourra \u00eatre diff\u00e9rent, mais les techniques de base restent les m\u00eames. Le CMC ne s\u2019 improvise pas, il demande \u00e9norm\u00e9ment d\u2019 entra\u00eenement , de rigueur et de maitrise de soi. Toujours avoir en t\u00eate qu\u2019 il s\u2019agit d\u2019un combat en trois dimensions.<\/p>\n","protected":false},"featured_media":4578,"template":"","meta":[],"product_brand":[],"product_cat":[211],"product_tag":[],"class_list":{"0":"post-5618","1":"product","2":"type-product","3":"status-publish","4":"has-post-thumbnail","6":"product_cat-stages-avec-armes-a-letranger","8":"first","9":"onbackorder","10":"virtual","11":"purchasable","12":"product-type-simple"},"jetpack_sharing_enabled":true,"_links":{"self":[{"href":"https:\/\/lab-tac.com\/V2\/wp-json\/wp\/v2\/product\/5618","targetHints":{"allow":["GET"]}}],"collection":[{"href":"https:\/\/lab-tac.com\/V2\/wp-json\/wp\/v2\/product"}],"about":[{"href":"https:\/\/lab-tac.com\/V2\/wp-json\/wp\/v2\/types\/product"}],"wp:featuredmedia":[{"embeddable":true,"href":"https:\/\/lab-tac.com\/V2\/wp-json\/wp\/v2\/media\/4578"}],"wp:attachment":[{"href":"https:\/\/lab-tac.com\/V2\/wp-json\/wp\/v2\/media?parent=5618"}],"wp:term":[{"taxonomy":"product_brand","embeddable":true,"href":"https:\/\/lab-tac.com\/V2\/wp-json\/wp\/v2\/product_brand?post=5618"},{"taxonomy":"product_cat","embeddable":true,"href":"https:\/\/lab-tac.com\/V2\/wp-json\/wp\/v2\/product_cat?post=5618"},{"taxonomy":"product_tag","embeddable":true,"href":"https:\/\/lab-tac.com\/V2\/wp-json\/wp\/v2\/product_tag?post=5618"}],"curies":[{"name":"wp","href":"https:\/\/api.w.org\/{rel}","templated":true}]}}