{"id":5124,"date":"2018-06-14T13:52:30","date_gmt":"2018-06-14T11:52:30","guid":{"rendered":"https:\/\/lab-tac.com\/V2\/?post_type=product&#038;p=5124"},"modified":"2024-09-27T17:37:08","modified_gmt":"2024-09-27T15:37:08","slug":"preparation-physique-operationnelle-avec-materiels","status":"publish","type":"product","link":"https:\/\/lab-tac.com\/V2\/produit\/preparation-physique-operationnelle-avec-materiels\/","title":{"rendered":"Coaching Pr\u00e9paration physique Op\u00e9rationnelle"},"content":{"rendered":"<p><strong>Pr\u00e9paration Physique Op\u00e9rationnelle<\/strong> pour les Tests des Forces Arm\u00e9es et de S\u00e9curit\u00e9 avec <strong>LAb-TAC<\/strong><\/p>\n<p><strong>LAb-TAC<\/strong> vous accompagne dans votre <strong>pr\u00e9paration physique, psychologique et mat\u00e9rielle<\/strong> pour r\u00e9ussir les tests d\u2019entr\u00e9e dans les forces de s\u00e9curit\u00e9 et de d\u00e9fense : police, gendarmerie, arm\u00e9e de l\u2019air, de terre, et marine, douane , penitanciere . Notre approche est compl\u00e8te et adapt\u00e9e aux exigences de chaque institution, vous permettant de vous pr\u00e9parer efficacement \u00e0 toutes les \u00e9preuves.<\/p>\n<p>Une Pr\u00e9paration Globale et Personnalis\u00e9e<\/p>\n<p>Avec LAb-TAC, vous b\u00e9n\u00e9ficierez de cycles de programmation sur mesure, qui vous permettront de d\u00e9velopper les capacit\u00e9s physiques et mentales indispensables pour les concours d\u2019entr\u00e9e. M\u00eame si la <strong>programmation est en ligne<\/strong>, nous effectuons des suivis r\u00e9guliers par <strong>visioconf\u00e9rence<\/strong>, avec des points hebdomadaires pour ajuster le programme \u00e0 vos progr\u00e8s.<span class=\"Apple-converted-space\">\u00a0<\/span><\/p>\n<p><strong>Programme Physique, Psychologique et Mat\u00e9riel<\/strong><\/p>\n<p>Notre pr\u00e9paration couvre trois volets essentiels :<\/p>\n<p>&#8211; <strong>Plan physique<\/strong> : Entra\u00eenement structur\u00e9 pour optimiser l\u2019endurance, la force, l\u2019agilit\u00e9 et la coordination, n\u00e9cessaire pour r\u00e9ussir les \u00e9preuves physiques (traction, parcours d\u2019obstacles, course).<\/p>\n<p>&#8211; <strong>Plan psychologique<\/strong> : Accompagnement sur la gestion du stress et la pr\u00e9paration mentale pour am\u00e9liorer vos performances sous pression.<\/p>\n<p>&#8211; <strong>Accompagnement mat\u00e9riel<\/strong> : Conseils sur l\u2019\u00e9quipement n\u00e9cessaire et la pr\u00e9paration technique pour les \u00e9preuves sp\u00e9cifiques.<\/p>\n<p><strong><em>\u00a0Coaching pour Tous les Niveaux, (des Tests Basiques aux Unit\u00e9s d\u2019\u00c9lite&#8230;)<\/em><\/strong><\/p>\n<p>Nous avons d\u00e9j\u00e0 coach\u00e9 et accompagn\u00e9 de nombreux candidats, que ce soit pour des **tests basiques** ou pour des unit\u00e9s d\u2019\u00e9lite comme le <strong>GIGN<\/strong>, l<strong>a BRI<\/strong>, ou encore les <strong>Forces Sp\u00e9ciales<\/strong>. LAB-TAC est capable de r\u00e9pondre aux exigences les plus \u00e9lev\u00e9es gr\u00e2ce \u00e0 une pr\u00e9paration progressive et personnalis\u00e9e, adapt\u00e9e aux besoins sp\u00e9cifiques de chaque candidat.<\/p>\n<p><strong>Participation aux Cross-TAC<\/strong><\/p>\n<p>Vous serez \u00e9galement invit\u00e9 \u00e0 participer \u00e0 <strong>nos \u00e9v\u00e9nements Cross-TAC<\/strong>, des sessions d&rsquo;entra\u00eenement intensives en groupe. Ces \u00e9v\u00e9nements vous permettront de simuler des conditions r\u00e9elles d\u2019\u00e9preuve, et de d\u00e9velopper l\u2019esprit de coh\u00e9sion, \u00e9l\u00e9ment essentiel dans les unit\u00e9s d\u2019intervention.<\/p>\n<p>Avec <strong>LAb-TAC<\/strong>, vous b\u00e9n\u00e9ficierez d\u2019un suivi complet, qu\u2019il s\u2019agisse de tests basiques ou d\u2019\u00e9preuves des unit\u00e9s d\u2019\u00e9lite, vous donnant toutes les cl\u00e9s pour r\u00e9ussir et int\u00e9grer les forces de d\u00e9fense et de s\u00e9curit\u00e9.<\/p>\n","protected":false},"excerpt":{"rendered":"<p><iframe loading=\"lazy\" src=\"https:\/\/www.youtube.com\/embed\/jTRDUQ7ytMs\" width=\"560\" height=\"315\" frameborder=\"0\" allowfullscreen=\"allowfullscreen\"><\/iframe><\/p>\n","protected":false},"featured_media":5163,"template":"","meta":[],"product_brand":[],"product_cat":[213],"product_tag":[],"class_list":{"0":"post-5124","1":"product","2":"type-product","3":"status-publish","4":"has-post-thumbnail","6":"product_cat-cross-tac-stage-prepa-physique-coaching","8":"first","9":"instock","10":"virtual","11":"purchasable","12":"product-type-simple"},"jetpack_sharing_enabled":true,"_links":{"self":[{"href":"https:\/\/lab-tac.com\/V2\/wp-json\/wp\/v2\/product\/5124","targetHints":{"allow":["GET"]}}],"collection":[{"href":"https:\/\/lab-tac.com\/V2\/wp-json\/wp\/v2\/product"}],"about":[{"href":"https:\/\/lab-tac.com\/V2\/wp-json\/wp\/v2\/types\/product"}],"wp:featuredmedia":[{"embeddable":true,"href":"https:\/\/lab-tac.com\/V2\/wp-json\/wp\/v2\/media\/5163"}],"wp:attachment":[{"href":"https:\/\/lab-tac.com\/V2\/wp-json\/wp\/v2\/media?parent=5124"}],"wp:term":[{"taxonomy":"product_brand","embeddable":true,"href":"https:\/\/lab-tac.com\/V2\/wp-json\/wp\/v2\/product_brand?post=5124"},{"taxonomy":"product_cat","embeddable":true,"href":"https:\/\/lab-tac.com\/V2\/wp-json\/wp\/v2\/product_cat?post=5124"},{"taxonomy":"product_tag","embeddable":true,"href":"https:\/\/lab-tac.com\/V2\/wp-json\/wp\/v2\/product_tag?post=5124"}],"curies":[{"name":"wp","href":"https:\/\/api.w.org\/{rel}","templated":true}]}}