{"id":4179,"date":"2017-11-15T15:38:40","date_gmt":"2017-11-15T14:38:40","guid":{"rendered":"https:\/\/lab-tac.com\/V2\/produit\/import-placeholder-for-4735\/"},"modified":"2022-07-12T19:17:26","modified_gmt":"2022-07-12T17:17:26","slug":"vcqb-tir-autour-et-a-linterieur-du-vehicule","status":"publish","type":"product","link":"https:\/\/lab-tac.com\/V2\/produit\/vcqb-tir-autour-et-a-linterieur-du-vehicule\/","title":{"rendered":"\u00ab\u00a0VCQB\u00a0\u00bb Tir autour et \u00e0 l&rsquo;int\u00e9rieur du v\u00e9hicule  en Pologne &#8211; 3 Jours"},"content":{"rendered":"<p><em>Nos stages sont dirig\u00e9s par\u00a0<strong>des instructeurs fran\u00e7ais qualifi\u00e9s<\/strong>\u00a0qui sont pass\u00e9s dans des unit\u00e9s op\u00e9rationnelles et b\u00e9n\u00e9ficient des derni\u00e8res techniques issues des diff\u00e9rentes RETEX (retour exp\u00e9rience)\u00a0<strong>\u00a0<\/strong><\/em><\/p>\n<p>&nbsp;<\/p>\n<p><strong>\u00ab\u00a0VCQB \u00ab\u00a0Tir autour et \u00e0 l&rsquo;int\u00e9rieur du v\u00e9hicule sur 3 \u00a0jours en POLOGNE<\/strong><\/p>\n<p><strong>Pr\u00e9-requis :<\/strong>\u00a0<span style=\"color: #ff0000;\"><strong>Basic combat 3 ou hard training<\/strong><\/span><\/p>\n<ul>\n<li><strong>Certification de training VCQB\u00a0:<\/strong>\u00a0Attestation de training LAB-TAC \u00a0VCQB Niveau 1<\/li>\n<\/ul>\n<h3>Contenu de la formation\u00a0:<\/h3>\n<ul>\n<li>M\u00e9thode de Tir pour la pratique du VCQB ; pistolet et fusil d&rsquo;assaut<\/li>\n<li>Etude de la balistique<\/li>\n<li>R\u00e9solution les incidents de tir<\/li>\n<li>Tir en d\u00e9placement autour du v\u00e9hicule<\/li>\n<li>Tir depuis un couvert<\/li>\n<li>Positions de tir improvis\u00e9es<\/li>\n<li>Positions de tir en\u00a0\u00e9tant bless\u00e9: Travail main forte , main faible<\/li>\n<li>Training en solo et avec un \u00e9quipier<\/li>\n<li>Tir de nuit et utilisation des moyens d&rsquo;\u00e9clairage tactiques<\/li>\n<\/ul>\n<p>&nbsp;<\/p>\n","protected":false},"excerpt":{"rendered":"<p>Le training VCQB sur une dur\u00e9e 3 jours a \u00e9t\u00e9 \u00e9labor\u00e9 pour d\u00e9velopper les r\u00e9flexes n\u00e9cessaires et ce afin, d\u2019adopter les bons placements de tir autour et \u00e0 l\u2019int\u00e9rieur d\u2019un v\u00e9hicule.<\/p>\n<p><iframe loading=\"lazy\" src=\"https:\/\/www.youtube.com\/embed\/KPdHcUSdA-w\" width=\"560\" height=\"315\" frameborder=\"0\" allowfullscreen=\"allowfullscreen\"><\/iframe><\/p>\n<p><iframe loading=\"lazy\" src=\"https:\/\/www.youtube.com\/embed\/0yfdFsq_spU\" width=\"560\" height=\"315\" frameborder=\"0\" allowfullscreen=\"allowfullscreen\"><\/iframe><\/p>\n<p>&nbsp;<\/p>\n<p>&nbsp;<\/p>\n","protected":false},"featured_media":2733,"template":"","meta":[],"product_brand":[],"product_cat":[211],"product_tag":[],"class_list":{"0":"post-4179","1":"product","2":"type-product","3":"status-publish","4":"has-post-thumbnail","6":"product_cat-stages-avec-armes-a-letranger","8":"first","9":"onbackorder","10":"virtual","11":"purchasable","12":"product-type-simple"},"jetpack_sharing_enabled":true,"_links":{"self":[{"href":"https:\/\/lab-tac.com\/V2\/wp-json\/wp\/v2\/product\/4179","targetHints":{"allow":["GET"]}}],"collection":[{"href":"https:\/\/lab-tac.com\/V2\/wp-json\/wp\/v2\/product"}],"about":[{"href":"https:\/\/lab-tac.com\/V2\/wp-json\/wp\/v2\/types\/product"}],"wp:featuredmedia":[{"embeddable":true,"href":"https:\/\/lab-tac.com\/V2\/wp-json\/wp\/v2\/media\/2733"}],"wp:attachment":[{"href":"https:\/\/lab-tac.com\/V2\/wp-json\/wp\/v2\/media?parent=4179"}],"wp:term":[{"taxonomy":"product_brand","embeddable":true,"href":"https:\/\/lab-tac.com\/V2\/wp-json\/wp\/v2\/product_brand?post=4179"},{"taxonomy":"product_cat","embeddable":true,"href":"https:\/\/lab-tac.com\/V2\/wp-json\/wp\/v2\/product_cat?post=4179"},{"taxonomy":"product_tag","embeddable":true,"href":"https:\/\/lab-tac.com\/V2\/wp-json\/wp\/v2\/product_tag?post=4179"}],"curies":[{"name":"wp","href":"https:\/\/api.w.org\/{rel}","templated":true}]}}