{"id":3999,"date":"2017-11-15T15:35:36","date_gmt":"2017-11-15T14:35:36","guid":{"rendered":"https:\/\/lab-tac.com\/V2\/produit\/import-placeholder-for-3787\/"},"modified":"2026-04-10T10:27:57","modified_gmt":"2026-04-10T08:27:57","slug":"dynamic-training","status":"publish","type":"product","link":"https:\/\/lab-tac.com\/V2\/produit\/dynamic-training\/","title":{"rendered":"Dynamic Training, Arme de poing, Fusil d&rsquo;assaut en FRANCE &#8211;  Niv 1 D\u00e9butant et 2 niveau Confirm\u00e9"},"content":{"rendered":"<p><em>Nos stages sont dirig\u00e9s par\u00a0<strong>des instructeurs fran\u00e7ais qualifi\u00e9s<\/strong>\u00a0qui sont pass\u00e9s dans des unit\u00e9s op\u00e9rationnelles et b\u00e9n\u00e9ficient des derni\u00e8res techniques issues des diff\u00e9rentes RETEX (retour exp\u00e9rience)\u00a0<\/em><\/p>\n<p><strong>Pr\u00e9-requis :<\/strong><\/p>\n<p><strong>Pour le niveau 1<\/strong>: Pas de pr\u00e9-requis niveau \u00ab\u00a0D\u00e9butant\u00a0\u00bb<\/p>\n<p><strong>Pour le niveau 2<\/strong> : Avoir d\u00e9j\u00e0 fait un niveau 1 de base LAB-TAC ou \u00a0\u00ab\u00a0justifier de votre niveau\u00a0\u00bb .<\/p>\n<p><strong>Certification \u00e0 l&rsquo;issue de la formation :<\/strong>\u00a0Attestation LAB-TAC \u00a0Tir de combat- arme de poing &amp; fusil d&rsquo;assaut\u00a0\u00a0<em>\u00ab\u00a0Certification formation de base et avanc\u00e9e\u00a0\u00bb<\/em><\/p>\n<p><strong>Contenu de la formation niveau 1 pour les\u00a0d\u00e9butants :<\/strong><\/p>\n<ul>\n<li>M\u00e9thode de Tir LAB-TAC \u00a0(pistolet et fusil d&rsquo;assaut)<\/li>\n<li>Pr\u00e9paration mentale<\/li>\n<li>Respect des r\u00e8gles de base du tir<\/li>\n<li>Connaissance de l&rsquo;arme: montage et d\u00e9montage sommaire pour l&rsquo;entretien<\/li>\n<li>Ma\u00eetrise de l&rsquo;arme<\/li>\n<li>Les attitudes<\/li>\n<li>R\u00e9gler les incidents de tir<\/li>\n<li>Rechargement tactique\/Rechargement d&rsquo;urgence<\/li>\n<li>Tir de transition arme de poing fusil d&rsquo;assaut<\/li>\n<\/ul>\n<p><strong>Contenu de la formation niveau 2 pour les\u00a0confirm\u00e9s\u00a0:<\/strong><\/p>\n<ul>\n<li>M\u00e9thode de Tir LAB-TAC \u00a0(pistolet et fusil d&rsquo;assaut)<\/li>\n<li>Tir en double dotation<\/li>\n<li>Tir en d\u00e9placement, tir de nuit<\/li>\n<li>Tir depuis un couvert<\/li>\n<li>Positions de tir improvis\u00e9es<\/li>\n<li>R\u00e9gler les incidents de tir +++<\/li>\n<li>Stress m\u00e9thode<\/li>\n<\/ul>\n<p><span style=\"color: #ff0000;\"><strong><em>4 stagiaires mini \u00e0 6 personnes max. 1 moniteurs. LAB-TAC se r\u00e9serve le droit de reporter le stage si le nombre de participants n\u2019est pas suffisant<\/em><\/strong><\/span><\/p>\n<p><!--:--><\/p>\n","protected":false},"excerpt":{"rendered":"<p>Dynamic Training, arme de poing, Fusil d&rsquo;assaut en France niveau 1 &amp; 2 est une formation tr\u00e8s dense sur 2\u00a0 jours pour chaque niveau, qui apportera aux professionnels et aux civils, les techniques de base et avanc\u00e9es de l&rsquo;utilisation d&rsquo;une arme de \u00a0poing et du fusil d&rsquo;assaut.<\/p>\n<p><strong>Le stage se d\u00e9roule en int\u00e9rieur.<\/strong><\/p>\n<p>Pour des groupes de 4 personnes minimum et 6 maximum, vous pouvez nous soumettre une date \u00e0 votre convenance pour un stage priv\u00e9 (voir tarif avec nous)<\/p>\n<h4>Dynamic Training, arme de poing, Fusil, en France\u00a0 &#8211; niveau 1 et 2<\/h4>\n<p>Public : Civils admis et personnes ayant une connaissance des armes, FDO, Militaires<\/p>\n<p><span style=\"color: #0000ff;\"><strong>PLUS DE RENSEIGNEMENTS DANS LES ONGLETS CI-DESSOUS<\/strong><\/span><\/p>\n<p>&nbsp;<\/p>\n<p>&nbsp;<\/p>\n<p><!--:--><\/p>\n","protected":false},"featured_media":5871,"template":"","meta":[],"product_brand":[],"product_cat":[316],"product_tag":[],"class_list":{"0":"post-3999","1":"product","2":"type-product","3":"status-publish","4":"has-post-thumbnail","6":"product_cat-stages-avec-armes-en-france","8":"first","9":"instock","10":"sold-individually","11":"shipping-taxable","12":"purchasable","13":"product-type-variable","14":"has-default-attributes"},"jetpack_sharing_enabled":true,"_links":{"self":[{"href":"https:\/\/lab-tac.com\/V2\/wp-json\/wp\/v2\/product\/3999","targetHints":{"allow":["GET"]}}],"collection":[{"href":"https:\/\/lab-tac.com\/V2\/wp-json\/wp\/v2\/product"}],"about":[{"href":"https:\/\/lab-tac.com\/V2\/wp-json\/wp\/v2\/types\/product"}],"wp:featuredmedia":[{"embeddable":true,"href":"https:\/\/lab-tac.com\/V2\/wp-json\/wp\/v2\/media\/5871"}],"wp:attachment":[{"href":"https:\/\/lab-tac.com\/V2\/wp-json\/wp\/v2\/media?parent=3999"}],"wp:term":[{"taxonomy":"product_brand","embeddable":true,"href":"https:\/\/lab-tac.com\/V2\/wp-json\/wp\/v2\/product_brand?post=3999"},{"taxonomy":"product_cat","embeddable":true,"href":"https:\/\/lab-tac.com\/V2\/wp-json\/wp\/v2\/product_cat?post=3999"},{"taxonomy":"product_tag","embeddable":true,"href":"https:\/\/lab-tac.com\/V2\/wp-json\/wp\/v2\/product_tag?post=3999"}],"curies":[{"name":"wp","href":"https:\/\/api.w.org\/{rel}","templated":true}]}}